{"id":908,"date":"2023-06-15T13:09:21","date_gmt":"2023-06-15T16:09:21","guid":{"rendered":"https:\/\/centraldoingles.com\/portal2\/?page_id=908"},"modified":"2023-09-15T15:12:09","modified_gmt":"2023-09-15T18:12:09","slug":"dicionarios","status":"publish","type":"page","link":"https:\/\/centraldoingles.com\/portal\/dicionarios\/","title":{"rendered":"Dicion\u00e1rios"},"content":{"rendered":"\t\t<div data-elementor-type=\"wp-page\" data-elementor-id=\"908\" class=\"elementor elementor-908\" data-elementor-post-type=\"page\">\n\t\t\t\t<div class=\"elementor-element elementor-element-3d9e164 e-con-full e-flex e-con e-parent\" data-id=\"3d9e164\" data-element_type=\"container\" data-settings=\"{&quot;ekit_has_onepagescroll_dot&quot;:&quot;yes&quot;}\">\n\t\t\t\t<\/div>\n\t\t<div class=\"elementor-element elementor-element-8c4195d e-con-full e-flex e-con e-parent\" data-id=\"8c4195d\" data-element_type=\"container\" data-settings=\"{&quot;ekit_has_onepagescroll_dot&quot;:&quot;yes&quot;}\">\n\t\t<div class=\"elementor-element elementor-element-506b5ae e-con-full e-flex e-con e-parent\" data-id=\"506b5ae\" data-element_type=\"container\" data-settings=\"{&quot;ekit_has_onepagescroll_dot&quot;:&quot;yes&quot;}\">\n\t\t\t\t<div class=\"elementor-element elementor-element-e44691d elementor-widget elementor-widget-shortcode\" data-id=\"e44691d\" data-element_type=\"widget\" data-settings=\"{&quot;ekit_we_effect_on&quot;:&quot;none&quot;}\" data-widget_type=\"shortcode.default\">\n\t\t\t\t<div class=\"elementor-widget-container\">\n\t\t\t\t\t\t\t<div class=\"elementor-shortcode\">\t\t<div data-elementor-type=\"container\" data-elementor-id=\"2288\" class=\"elementor elementor-2288\" data-elementor-post-type=\"elementor_library\">\n\t\t\t\t<div class=\"elementor-element elementor-element-2114c14 e-con-full e-flex e-con e-parent\" data-id=\"2114c14\" data-element_type=\"container\" data-settings=\"{&quot;ekit_has_onepagescroll_dot&quot;:&quot;yes&quot;}\">\n\t\t\t\t<div class=\"elementor-element elementor-element-740b31d elementor-widget elementor-widget-image\" data-id=\"740b31d\" data-element_type=\"widget\" data-settings=\"{&quot;ekit_we_effect_on&quot;:&quot;none&quot;}\" data-widget_type=\"image.default\">\n\t\t\t\t<div class=\"elementor-widget-container\">\n\t\t\t\t\t\t\t\t\t\t\t\t\t\t\t\t<a href=\"https:\/\/www.englishinaction.com.br\" target=\"_blank\">\n\t\t\t\t\t\t\t<img fetchpriority=\"high\" decoding=\"async\" width=\"728\" height=\"90\" src=\"https:\/\/centraldoingles.com\/portal\/wp-content\/uploads\/2023\/07\/Gg.gif\" class=\"attachment-full size-full wp-image-3048\" alt=\"\" \/>\t\t\t\t\t\t\t\t<\/a>\n\t\t\t\t\t\t\t\t\t\t\t\t\t\t\t<\/div>\n\t\t\t\t<\/div>\n\t\t\t\t<\/div>\n\t\t\t\t<\/div>\n\t\t<\/div>\n\t\t\t\t\t\t<\/div>\n\t\t\t\t<\/div>\n\t\t\t\t<\/div>\n\t\t\t\t<div class=\"elementor-element elementor-element-8e48991 elementor-widget__width-initial elementor-position-top elementor-widget elementor-widget-image-box\" data-id=\"8e48991\" data-element_type=\"widget\" data-settings=\"{&quot;ekit_we_effect_on&quot;:&quot;none&quot;}\" data-widget_type=\"image-box.default\">\n\t\t\t\t<div class=\"elementor-widget-container\">\n\t\t\t\t\t<div class=\"elementor-image-box-wrapper\"><figure class=\"elementor-image-box-img\"><a href=\"http:\/\/dictionary.cambridge.org\/us\/\" target=\"_blank\" tabindex=\"-1\"><img decoding=\"async\" width=\"485\" height=\"160\" src=\"https:\/\/centraldoingles.com\/portal\/wp-content\/uploads\/2023\/06\/cambridge_dictionary.jpg\" class=\"attachment-full size-full wp-image-911\" alt=\"\" srcset=\"https:\/\/centraldoingles.com\/portal\/wp-content\/uploads\/2023\/06\/cambridge_dictionary.jpg 485w, https:\/\/centraldoingles.com\/portal\/wp-content\/uploads\/2023\/06\/cambridge_dictionary-300x99.jpg 300w\" sizes=\"(max-width: 485px) 100vw, 485px\" \/><\/a><\/figure><div class=\"elementor-image-box-content\"><h3 class=\"elementor-image-box-title\"><a href=\"http:\/\/dictionary.cambridge.org\/us\/\" target=\"_blank\">Cambridge On-line Dictionaries<\/a><\/h3><p class=\"elementor-image-box-description\">Uma super ferramenta de estudo com mais de 23,000 defini\u00e7\u00f5es claras em ingl\u00eas, com tradu\u00e7\u00f5es em Portugu\u00eas; Mais de 19,000 exemplos reais que mostram como as palavras s\u00e3o usadas, al\u00e9m de voc\u00ea poder conferir os sons das palavras em ingl\u00eas brit\u00e2nico e americano.<\/p><\/div><\/div>\t\t\t\t<\/div>\n\t\t\t\t<\/div>\n\t\t\t\t<div class=\"elementor-element elementor-element-ba0277c elementor-widget__width-initial elementor-position-top elementor-widget elementor-widget-image-box\" data-id=\"ba0277c\" data-element_type=\"widget\" data-settings=\"{&quot;ekit_we_effect_on&quot;:&quot;none&quot;}\" data-widget_type=\"image-box.default\">\n\t\t\t\t<div class=\"elementor-widget-container\">\n\t\t\t\t\t<div class=\"elementor-image-box-wrapper\"><figure class=\"elementor-image-box-img\"><a href=\"http:\/\/www.merriam-webster.com\/\" target=\"_blank\" tabindex=\"-1\"><img decoding=\"async\" width=\"145\" height=\"157\" src=\"https:\/\/centraldoingles.com\/portal\/wp-content\/uploads\/2023\/06\/webster.png\" class=\"attachment-full size-full wp-image-919\" alt=\"\" \/><\/a><\/figure><div class=\"elementor-image-box-content\"><h3 class=\"elementor-image-box-title\"><a href=\"http:\/\/www.merriam-webster.com\/\" target=\"_blank\">Webster<\/a><\/h3><p class=\"elementor-image-box-description\">Um excelente dicion\u00e1rio para voc\u00ea que \u00e9 estudante de l\u00edngua inglesa. Al\u00e9m de oferecer o servi\u00e7o de dicion\u00e1rio, o site traz diversos recursos e informa\u00e7\u00f5es para voc\u00ea deixar seu ingl\u00eas atualizado.<\/p><\/div><\/div>\t\t\t\t<\/div>\n\t\t\t\t<\/div>\n\t\t\t\t<div class=\"elementor-element elementor-element-1283833 elementor-widget__width-initial elementor-position-top elementor-widget elementor-widget-image-box\" data-id=\"1283833\" data-element_type=\"widget\" data-settings=\"{&quot;ekit_we_effect_on&quot;:&quot;none&quot;}\" data-widget_type=\"image-box.default\">\n\t\t\t\t<div class=\"elementor-widget-container\">\n\t\t\t\t\t<div class=\"elementor-image-box-wrapper\"><figure class=\"elementor-image-box-img\"><a href=\"https:\/\/www.collinsdictionary.com\/pt\/dictionary\/english\" target=\"_blank\" tabindex=\"-1\"><img loading=\"lazy\" decoding=\"async\" width=\"490\" height=\"170\" src=\"https:\/\/centraldoingles.com\/portal\/wp-content\/uploads\/2023\/06\/collins.jpg\" class=\"attachment-full size-full wp-image-940\" alt=\"\" srcset=\"https:\/\/centraldoingles.com\/portal\/wp-content\/uploads\/2023\/06\/collins.jpg 490w, https:\/\/centraldoingles.com\/portal\/wp-content\/uploads\/2023\/06\/collins-300x104.jpg 300w\" sizes=\"(max-width: 490px) 100vw, 490px\" \/><\/a><\/figure><div class=\"elementor-image-box-content\"><h3 class=\"elementor-image-box-title\"><a href=\"https:\/\/www.collinsdictionary.com\/pt\/dictionary\/english\" target=\"_blank\">Collins<\/a><\/h3><p class=\"elementor-image-box-description\">Na vanguarda das mudan\u00e7as lingu\u00edsticas, o dicion\u00e1rio online gratuito de ingl\u00eas da Collins disponibiliza ao seu alcance as mais recentes palavras e express\u00f5es da l\u00edngua. Seja na escola, no trabalho ou onde quer que esteja, a qualquer hora voc\u00ea pode consultar ortografias, significados ou procurar as palavras que voc\u00ea precisa usar.<\/p><\/div><\/div>\t\t\t\t<\/div>\n\t\t\t\t<\/div>\n\t\t\t\t<div class=\"elementor-element elementor-element-c87f120 elementor-widget__width-initial elementor-position-top elementor-widget elementor-widget-image-box\" data-id=\"c87f120\" data-element_type=\"widget\" data-settings=\"{&quot;ekit_we_effect_on&quot;:&quot;none&quot;}\" data-widget_type=\"image-box.default\">\n\t\t\t\t<div class=\"elementor-widget-container\">\n\t\t\t\t\t<div class=\"elementor-image-box-wrapper\"><figure class=\"elementor-image-box-img\"><a href=\"http:\/\/www.thefreedictionary.com\/\" target=\"_blank\" tabindex=\"-1\"><img loading=\"lazy\" decoding=\"async\" width=\"314\" height=\"118\" src=\"https:\/\/centraldoingles.com\/portal\/wp-content\/uploads\/2023\/06\/thefreedictionary.jpg\" class=\"attachment-full size-full wp-image-941\" alt=\"\" srcset=\"https:\/\/centraldoingles.com\/portal\/wp-content\/uploads\/2023\/06\/thefreedictionary.jpg 314w, https:\/\/centraldoingles.com\/portal\/wp-content\/uploads\/2023\/06\/thefreedictionary-300x113.jpg 300w\" sizes=\"(max-width: 314px) 100vw, 314px\" \/><\/a><\/figure><div class=\"elementor-image-box-content\"><h3 class=\"elementor-image-box-title\"><a href=\"http:\/\/www.thefreedictionary.com\/\" target=\"_blank\">The Free Dictionary<\/a><\/h3><p class=\"elementor-image-box-description\">Dicion\u00e1rio, informa\u00e7\u00f5es de literatura geografia e muito mais.<\/p><\/div><\/div>\t\t\t\t<\/div>\n\t\t\t\t<\/div>\n\t\t\t\t<div class=\"elementor-element elementor-element-5cf1e35 elementor-widget__width-initial elementor-position-top elementor-widget elementor-widget-image-box\" data-id=\"5cf1e35\" data-element_type=\"widget\" data-settings=\"{&quot;ekit_we_effect_on&quot;:&quot;none&quot;}\" data-widget_type=\"image-box.default\">\n\t\t\t\t<div class=\"elementor-widget-container\">\n\t\t\t\t\t<div class=\"elementor-image-box-wrapper\"><figure class=\"elementor-image-box-img\"><a href=\"http:\/\/www.oxforddictionaries.com\/us\/\" target=\"_blank\" tabindex=\"-1\"><img loading=\"lazy\" decoding=\"async\" width=\"449\" height=\"141\" src=\"https:\/\/centraldoingles.com\/portal\/wp-content\/uploads\/2023\/06\/oxford.jpg\" class=\"attachment-full size-full wp-image-945\" alt=\"\" srcset=\"https:\/\/centraldoingles.com\/portal\/wp-content\/uploads\/2023\/06\/oxford.jpg 449w, https:\/\/centraldoingles.com\/portal\/wp-content\/uploads\/2023\/06\/oxford-300x94.jpg 300w\" sizes=\"(max-width: 449px) 100vw, 449px\" \/><\/a><\/figure><div class=\"elementor-image-box-content\"><h3 class=\"elementor-image-box-title\"><a href=\"http:\/\/www.oxforddictionaries.com\/us\/\" target=\"_blank\">Oxford<\/a><\/h3><p class=\"elementor-image-box-description\">Express\u00f5es atuais, dicion\u00e1rios, sin\u00f4nimos e dicas de gram\u00e1tica.<\/p><\/div><\/div>\t\t\t\t<\/div>\n\t\t\t\t<\/div>\n\t\t\t\t<div class=\"elementor-element elementor-element-a5b8b0a elementor-widget__width-initial elementor-position-top elementor-widget elementor-widget-image-box\" data-id=\"a5b8b0a\" data-element_type=\"widget\" data-settings=\"{&quot;ekit_we_effect_on&quot;:&quot;none&quot;}\" data-widget_type=\"image-box.default\">\n\t\t\t\t<div class=\"elementor-widget-container\">\n\t\t\t\t\t<div class=\"elementor-image-box-wrapper\"><figure class=\"elementor-image-box-img\"><a href=\"http:\/\/michaelis.uol.com.br\/moderno-ingles\/\" target=\"_blank\" tabindex=\"-1\"><img loading=\"lazy\" decoding=\"async\" width=\"239\" height=\"81\" src=\"https:\/\/centraldoingles.com\/portal\/wp-content\/uploads\/2023\/06\/michaelis.jpg\" class=\"attachment-full size-full wp-image-949\" alt=\"\" \/><\/a><\/figure><div class=\"elementor-image-box-content\"><h3 class=\"elementor-image-box-title\"><a href=\"http:\/\/michaelis.uol.com.br\/moderno-ingles\/\" target=\"_blank\">Michaelis<\/a><\/h3><p class=\"elementor-image-box-description\">Michaelis Moderno Dicion\u00e1rio Ingl\u00eas &amp; Portugu\u00eas cont\u00e9m verbetes em ingl\u00eas e em portugu\u00eas que apresentam divis\u00e3o sil\u00e1bica, classe gramatical, \u00e1rea de conhecimento, v\u00e1rias acep\u00e7\u00f5es, express\u00f5es atuais e exemplos objetivos para melhor compreens\u00e3o das defini\u00e7\u00f5es.<\/p><\/div><\/div>\t\t\t\t<\/div>\n\t\t\t\t<\/div>\n\t\t\t\t<div class=\"elementor-element elementor-element-d4c5a18 elementor-widget__width-initial elementor-position-top elementor-widget elementor-widget-image-box\" data-id=\"d4c5a18\" data-element_type=\"widget\" data-settings=\"{&quot;ekit_we_effect_on&quot;:&quot;none&quot;}\" data-widget_type=\"image-box.default\">\n\t\t\t\t<div class=\"elementor-widget-container\">\n\t\t\t\t\t<div class=\"elementor-image-box-wrapper\"><figure class=\"elementor-image-box-img\"><a href=\"https:\/\/www.ldoceonline.com\/\" target=\"_blank\" tabindex=\"-1\"><img loading=\"lazy\" decoding=\"async\" width=\"467\" height=\"130\" src=\"https:\/\/centraldoingles.com\/portal\/wp-content\/uploads\/2023\/06\/longman.jpg\" class=\"attachment-full size-full wp-image-953\" alt=\"\" srcset=\"https:\/\/centraldoingles.com\/portal\/wp-content\/uploads\/2023\/06\/longman.jpg 467w, https:\/\/centraldoingles.com\/portal\/wp-content\/uploads\/2023\/06\/longman-300x84.jpg 300w\" sizes=\"(max-width: 467px) 100vw, 467px\" \/><\/a><\/figure><div class=\"elementor-image-box-content\"><h3 class=\"elementor-image-box-title\"><a href=\"https:\/\/www.ldoceonline.com\/\" target=\"_blank\">Longman<\/a><\/h3><p class=\"elementor-image-box-description\">Excelente ferramenta de estudo. O dicion\u00e1rio oferece palavras contempor\u00e2neas, defini\u00e7\u00f5es claras e sons com os exemplos apresentados.<\/p><\/div><\/div>\t\t\t\t<\/div>\n\t\t\t\t<\/div>\n\t\t\t\t<div class=\"elementor-element elementor-element-645cb65 elementor-widget__width-initial elementor-position-top elementor-widget elementor-widget-image-box\" data-id=\"645cb65\" data-element_type=\"widget\" data-settings=\"{&quot;ekit_we_effect_on&quot;:&quot;none&quot;}\" data-widget_type=\"image-box.default\">\n\t\t\t\t<div class=\"elementor-widget-container\">\n\t\t\t\t\t<div class=\"elementor-image-box-wrapper\"><figure class=\"elementor-image-box-img\"><a href=\"http:\/\/www.wordreference.com\/\" target=\"_blank\" tabindex=\"-1\"><img loading=\"lazy\" decoding=\"async\" width=\"667\" height=\"112\" src=\"https:\/\/centraldoingles.com\/portal\/wp-content\/uploads\/2023\/06\/wordreference.jpg\" class=\"attachment-full size-full wp-image-954\" alt=\"\" srcset=\"https:\/\/centraldoingles.com\/portal\/wp-content\/uploads\/2023\/06\/wordreference.jpg 667w, https:\/\/centraldoingles.com\/portal\/wp-content\/uploads\/2023\/06\/wordreference-300x50.jpg 300w\" sizes=\"(max-width: 667px) 100vw, 667px\" \/><\/a><\/figure><div class=\"elementor-image-box-content\"><h3 class=\"elementor-image-box-title\"><a href=\"http:\/\/www.wordreference.com\/\" target=\"_blank\">Word Reference<\/a><\/h3><p class=\"elementor-image-box-description\">Al\u00e9m da tradu\u00e7\u00e3o para diferentes idiomas, o site traz f\u00f3runs separados por l\u00ednguas, links para outros dicion\u00e1rios e diret\u00f3rios online. Conta at\u00e9 com um conjugador de verbos.Al\u00e9m de contar com um dicion\u00e1rio convencional, \u00e9 poss\u00edvel usar esta ferramenta para descobrir sin\u00f4nimos para palavras que voc\u00ea j\u00e1 conhece.<\/p><\/div><\/div>\t\t\t\t<\/div>\n\t\t\t\t<\/div>\n\t\t\t\t<div class=\"elementor-element elementor-element-dddccd6 elementor-widget__width-initial elementor-position-top elementor-widget elementor-widget-image-box\" data-id=\"dddccd6\" data-element_type=\"widget\" data-settings=\"{&quot;ekit_we_effect_on&quot;:&quot;none&quot;}\" data-widget_type=\"image-box.default\">\n\t\t\t\t<div class=\"elementor-widget-container\">\n\t\t\t\t\t<div class=\"elementor-image-box-wrapper\"><figure class=\"elementor-image-box-img\"><a href=\"http:\/\/www.dictionary.com\/\" target=\"_blank\" tabindex=\"-1\"><img loading=\"lazy\" decoding=\"async\" width=\"483\" height=\"112\" src=\"https:\/\/centraldoingles.com\/portal\/wp-content\/uploads\/2023\/06\/dictionary.jpg\" class=\"attachment-full size-full wp-image-955\" alt=\"\" srcset=\"https:\/\/centraldoingles.com\/portal\/wp-content\/uploads\/2023\/06\/dictionary.jpg 483w, https:\/\/centraldoingles.com\/portal\/wp-content\/uploads\/2023\/06\/dictionary-300x70.jpg 300w\" sizes=\"(max-width: 483px) 100vw, 483px\" \/><\/a><\/figure><div class=\"elementor-image-box-content\"><h3 class=\"elementor-image-box-title\"><a href=\"http:\/\/www.dictionary.com\/\" target=\"_blank\">Dictionary.com<\/a><\/h3><p class=\"elementor-image-box-description\">Dictionary.com cont\u00e9m defini\u00e7\u00f5es, sin\u00f4nimos, origem das palavras, \u00e1udio contendo a pron\u00fancia das palavras, exemplos das palavras em frases, jogos e muito mais.<\/p><\/div><\/div>\t\t\t\t<\/div>\n\t\t\t\t<\/div>\n\t\t\t\t<div class=\"elementor-element elementor-element-24d805d elementor-widget__width-initial elementor-position-top elementor-widget elementor-widget-image-box\" data-id=\"24d805d\" data-element_type=\"widget\" data-settings=\"{&quot;ekit_we_effect_on&quot;:&quot;none&quot;}\" data-widget_type=\"image-box.default\">\n\t\t\t\t<div class=\"elementor-widget-container\">\n\t\t\t\t\t<div class=\"elementor-image-box-wrapper\"><figure class=\"elementor-image-box-img\"><a href=\"http:\/\/foldoc.org\/\" target=\"_blank\" tabindex=\"-1\"><img loading=\"lazy\" decoding=\"async\" width=\"301\" height=\"112\" src=\"https:\/\/centraldoingles.com\/portal\/wp-content\/uploads\/2023\/06\/foldoc.jpg\" class=\"attachment-full size-full wp-image-956\" alt=\"\" \/><\/a><\/figure><div class=\"elementor-image-box-content\"><h3 class=\"elementor-image-box-title\"><a href=\"http:\/\/foldoc.org\/\" target=\"_blank\">FOLDOC<\/a><\/h3><p class=\"elementor-image-box-description\">Dicion\u00e1rio de computa\u00e7\u00e3o. Siglas, projetos, empresas e muito mais.<\/p><\/div><\/div>\t\t\t\t<\/div>\n\t\t\t\t<\/div>\n\t\t\t\t<div class=\"elementor-element elementor-element-0670be8 elementor-widget__width-initial elementor-position-top elementor-widget elementor-widget-image-box\" data-id=\"0670be8\" data-element_type=\"widget\" data-settings=\"{&quot;ekit_we_effect_on&quot;:&quot;none&quot;}\" data-widget_type=\"image-box.default\">\n\t\t\t\t<div class=\"elementor-widget-container\">\n\t\t\t\t\t<div class=\"elementor-image-box-wrapper\"><figure class=\"elementor-image-box-img\"><a href=\"http:\/\/onlineslangdictionary.com\/\" target=\"_blank\" tabindex=\"-1\"><img loading=\"lazy\" decoding=\"async\" width=\"467\" height=\"77\" src=\"https:\/\/centraldoingles.com\/portal\/wp-content\/uploads\/2023\/06\/onlineslang.jpg\" class=\"attachment-full size-full wp-image-960\" alt=\"\" srcset=\"https:\/\/centraldoingles.com\/portal\/wp-content\/uploads\/2023\/06\/onlineslang.jpg 467w, https:\/\/centraldoingles.com\/portal\/wp-content\/uploads\/2023\/06\/onlineslang-300x49.jpg 300w\" sizes=\"(max-width: 467px) 100vw, 467px\" \/><\/a><\/figure><div class=\"elementor-image-box-content\"><h3 class=\"elementor-image-box-title\"><a href=\"http:\/\/onlineslangdictionary.com\/\" target=\"_blank\">The online slang dictionary<\/a><\/h3><p class=\"elementor-image-box-description\">Dicion\u00e1rio virtual de g\u00edrias.<\/p><\/div><\/div>\t\t\t\t<\/div>\n\t\t\t\t<\/div>\n\t\t<div class=\"elementor-element elementor-element-0c172ff e-con-full e-flex e-con e-parent\" data-id=\"0c172ff\" data-element_type=\"container\" data-settings=\"{&quot;ekit_has_onepagescroll_dot&quot;:&quot;yes&quot;}\">\n\t\t\t\t<div class=\"elementor-element elementor-element-3256dc5 elementor-widget elementor-widget-shortcode\" data-id=\"3256dc5\" data-element_type=\"widget\" data-settings=\"{&quot;ekit_we_effect_on&quot;:&quot;none&quot;}\" data-widget_type=\"shortcode.default\">\n\t\t\t\t<div class=\"elementor-widget-container\">\n\t\t\t\t\t\t\t<div class=\"elementor-shortcode\">\t\t<div data-elementor-type=\"container\" data-elementor-id=\"2711\" class=\"elementor elementor-2711\" data-elementor-post-type=\"elementor_library\">\n\t\t\t\t<div data-htmega-element-link=\"{&quot;url&quot;:&quot;https:\\\/\\\/englishinaction.com.br\\\/&quot;,&quot;is_external&quot;:&quot;on&quot;,&quot;nofollow&quot;:&quot;&quot;,&quot;custom_attributes&quot;:&quot;&quot;}\" style=\"cursor: pointer\" class=\"htmega-element-link elementor-element elementor-element-39a5097c e-con-full e-flex e-con e-parent\" data-id=\"39a5097c\" data-element_type=\"container\" data-settings=\"{&quot;ekit_has_onepagescroll_dot&quot;:&quot;yes&quot;}\">\n\t\t<div class=\"elementor-element elementor-element-1b2ac12f e-con-full e-flex e-con e-child\" data-id=\"1b2ac12f\" data-element_type=\"container\" data-settings=\"{&quot;background_background&quot;:&quot;classic&quot;,&quot;ekit_has_onepagescroll_dot&quot;:&quot;yes&quot;}\">\n\t\t\t\t<div data-htmega-element-link=\"{&quot;url&quot;:&quot;https:\\\/\\\/englishinaction.com.br\\\/&quot;,&quot;is_external&quot;:&quot;on&quot;,&quot;nofollow&quot;:&quot;&quot;,&quot;custom_attributes&quot;:&quot;&quot;}\" style=\"cursor: pointer\" class=\"htmega-element-link elementor-element elementor-element-72fb4f84 elementor-widget__width-inherit elementor-widget elementor-widget-image\" data-id=\"72fb4f84\" data-element_type=\"widget\" data-settings=\"{&quot;ekit_we_effect_on&quot;:&quot;none&quot;}\" data-widget_type=\"image.default\">\n\t\t\t\t<div class=\"elementor-widget-container\">\n\t\t\t\t\t\t\t\t\t\t\t\t\t\t\t\t<a href=\"https:\/\/englishinaction.com.br\/\" target=\"_blank\">\n\t\t\t\t\t\t\t<img loading=\"lazy\" decoding=\"async\" width=\"728\" height=\"90\" src=\"https:\/\/centraldoingles.com\/portal\/wp-content\/uploads\/2023\/09\/Copia-de-Gg.gif\" class=\"attachment-full size-full wp-image-3050\" alt=\"\" \/>\t\t\t\t\t\t\t\t<\/a>\n\t\t\t\t\t\t\t\t\t\t\t\t\t\t\t<\/div>\n\t\t\t\t<\/div>\n\t\t\t\t<\/div>\n\t\t\t\t<\/div>\n\t\t\t\t<\/div>\n\t\t<\/div>\n\t\t\t\t\t\t<\/div>\n\t\t\t\t<\/div>\n\t\t\t\t<\/div>\n\t\t\t\t<\/div>\n\t\t\t\t<\/div>\n\t\t","protected":false},"excerpt":{"rendered":"<p>Cambridge On-line Dictionaries Uma super ferramenta de estudo com mais de 23,000 defini\u00e7\u00f5es claras em ingl\u00eas, com tradu\u00e7\u00f5es em Portugu\u00eas; Mais de 19,000 exemplos reais que mostram como as palavras s\u00e3o usadas, al\u00e9m de voc\u00ea poder conferir os sons das palavras em ingl\u00eas brit\u00e2nico e americano. Webster Um excelente dicion\u00e1rio para voc\u00ea que \u00e9 estudante [&hellip;]<\/p>\n","protected":false},"author":4,"featured_media":0,"parent":0,"menu_order":0,"comment_status":"closed","ping_status":"closed","template":"elementor_header_footer","meta":{"footnotes":""},"class_list":["post-908","page","type-page","status-publish","hentry"],"_links":{"self":[{"href":"https:\/\/centraldoingles.com\/portal\/wp-json\/wp\/v2\/pages\/908","targetHints":{"allow":["GET"]}}],"collection":[{"href":"https:\/\/centraldoingles.com\/portal\/wp-json\/wp\/v2\/pages"}],"about":[{"href":"https:\/\/centraldoingles.com\/portal\/wp-json\/wp\/v2\/types\/page"}],"author":[{"embeddable":true,"href":"https:\/\/centraldoingles.com\/portal\/wp-json\/wp\/v2\/users\/4"}],"replies":[{"embeddable":true,"href":"https:\/\/centraldoingles.com\/portal\/wp-json\/wp\/v2\/comments?post=908"}],"version-history":[{"count":0,"href":"https:\/\/centraldoingles.com\/portal\/wp-json\/wp\/v2\/pages\/908\/revisions"}],"wp:attachment":[{"href":"https:\/\/centraldoingles.com\/portal\/wp-json\/wp\/v2\/media?parent=908"}],"curies":[{"name":"wp","href":"https:\/\/api.w.org\/{rel}","templated":true}]}}