{"id":1290,"date":"2023-07-07T17:22:07","date_gmt":"2023-07-07T20:22:07","guid":{"rendered":"https:\/\/centraldoingles.com\/portal2\/?page_id=1290"},"modified":"2023-09-15T15:28:57","modified_gmt":"2023-09-15T18:28:57","slug":"sugestoes-de-topicos-de-conversacao-em-sala-de-aula","status":"publish","type":"page","link":"https:\/\/centraldoingles.com\/portal\/sugestoes-de-topicos-de-conversacao-em-sala-de-aula\/","title":{"rendered":"Sugest\u00f5es De T\u00f3picos De Conversa\u00e7\u00e3o Em Sala De Aula"},"content":{"rendered":"\t\t<div data-elementor-type=\"wp-page\" data-elementor-id=\"1290\" class=\"elementor elementor-1290\" data-elementor-post-type=\"page\">\n\t\t\t\t<div class=\"elementor-element elementor-element-b2f85c4 e-con-full e-flex e-con e-parent\" data-id=\"b2f85c4\" data-element_type=\"container\" data-settings=\"{&quot;ekit_has_onepagescroll_dot&quot;:&quot;yes&quot;}\">\n\t\t\t\t<\/div>\n\t\t<div class=\"elementor-element elementor-element-1897bf7 e-con-full e-flex e-con e-parent\" data-id=\"1897bf7\" data-element_type=\"container\" data-settings=\"{&quot;ekit_has_onepagescroll_dot&quot;:&quot;yes&quot;}\">\n\t\t<div class=\"elementor-element elementor-element-2fc9124 e-con-full e-flex e-con e-parent\" data-id=\"2fc9124\" data-element_type=\"container\" data-settings=\"{&quot;ekit_has_onepagescroll_dot&quot;:&quot;yes&quot;}\">\n\t\t\t\t<div class=\"elementor-element elementor-element-8959632 elementor-widget elementor-widget-shortcode\" data-id=\"8959632\" data-element_type=\"widget\" data-settings=\"{&quot;ekit_we_effect_on&quot;:&quot;none&quot;}\" data-widget_type=\"shortcode.default\">\n\t\t\t\t<div class=\"elementor-widget-container\">\n\t\t\t\t\t\t\t<div class=\"elementor-shortcode\">\t\t<div data-elementor-type=\"container\" data-elementor-id=\"2288\" class=\"elementor elementor-2288\" data-elementor-post-type=\"elementor_library\">\n\t\t\t\t<div class=\"elementor-element elementor-element-2114c14 e-con-full e-flex e-con e-parent\" data-id=\"2114c14\" data-element_type=\"container\" data-settings=\"{&quot;ekit_has_onepagescroll_dot&quot;:&quot;yes&quot;}\">\n\t\t\t\t<div class=\"elementor-element elementor-element-740b31d elementor-widget elementor-widget-image\" data-id=\"740b31d\" data-element_type=\"widget\" data-settings=\"{&quot;ekit_we_effect_on&quot;:&quot;none&quot;}\" data-widget_type=\"image.default\">\n\t\t\t\t<div class=\"elementor-widget-container\">\n\t\t\t\t\t\t\t\t\t\t\t\t\t\t\t\t<a href=\"https:\/\/www.englishinaction.com.br\" target=\"_blank\">\n\t\t\t\t\t\t\t<img fetchpriority=\"high\" decoding=\"async\" width=\"728\" height=\"90\" src=\"https:\/\/centraldoingles.com\/portal\/wp-content\/uploads\/2023\/07\/Gg.gif\" class=\"attachment-full size-full wp-image-3048\" alt=\"\" \/>\t\t\t\t\t\t\t\t<\/a>\n\t\t\t\t\t\t\t\t\t\t\t\t\t\t\t<\/div>\n\t\t\t\t<\/div>\n\t\t\t\t<\/div>\n\t\t\t\t<\/div>\n\t\t<\/div>\n\t\t\t\t\t\t<\/div>\n\t\t\t\t<\/div>\n\t\t\t\t<\/div>\n\t\t<div class=\"elementor-element elementor-element-0bf7701 e-con-full e-flex e-con e-parent\" data-id=\"0bf7701\" data-element_type=\"container\" data-settings=\"{&quot;ekit_has_onepagescroll_dot&quot;:&quot;yes&quot;}\">\n\t\t\t\t<div class=\"elementor-element elementor-element-683fbd3 elementor-widget elementor-widget-heading\" data-id=\"683fbd3\" data-element_type=\"widget\" data-settings=\"{&quot;ekit_we_effect_on&quot;:&quot;none&quot;}\" data-widget_type=\"heading.default\">\n\t\t\t\t<div class=\"elementor-widget-container\">\n\t\t\t\t\t<h2 class=\"elementor-heading-title elementor-size-medium\"><a href=\"https:\/\/conversationstartersworld.com\/\" target=\"_blank\">Conversation Starters World<\/a><\/h2>\t\t\t\t<\/div>\n\t\t\t\t<\/div>\n\t\t\t\t<div class=\"elementor-element elementor-element-35eecea elementor-widget elementor-widget-text-editor\" data-id=\"35eecea\" data-element_type=\"widget\" data-settings=\"{&quot;ekit_we_effect_on&quot;:&quot;none&quot;}\" data-widget_type=\"text-editor.default\">\n\t\t\t\t<div class=\"elementor-widget-container\">\n\t\t\t\t\t\t\t\t\t<div class=\"FundoBloco\"><div class=\"item_padrao\"><div class=\"FundoBloco\"><div class=\"item_padrao\"><p class=\"item_padrao_resumo texto_padrao\">Variedade de t\u00f3picos de conversa\u00e7\u00e3o para motivar seus alunos. Oferece assuntos variados, ice breakers, jogos envolvendo conversa\u00e7\u00e3o e muito mais.<\/p><\/div><\/div><\/div><\/div>\t\t\t\t\t\t\t\t<\/div>\n\t\t\t\t<\/div>\n\t\t\t\t<\/div>\n\t\t<div class=\"elementor-element elementor-element-f83c52e e-con-full e-flex e-con e-parent\" data-id=\"f83c52e\" data-element_type=\"container\" data-settings=\"{&quot;ekit_has_onepagescroll_dot&quot;:&quot;yes&quot;}\">\n\t\t\t\t<div class=\"elementor-element elementor-element-9c7041b elementor-widget elementor-widget-heading\" data-id=\"9c7041b\" data-element_type=\"widget\" data-settings=\"{&quot;ekit_we_effect_on&quot;:&quot;none&quot;}\" data-widget_type=\"heading.default\">\n\t\t\t\t<div class=\"elementor-widget-container\">\n\t\t\t\t\t<h2 class=\"elementor-heading-title elementor-size-medium\"><a href=\"http:\/\/www.dailyesl.com\/\" target=\"_blank\">Daily esl<\/a><\/h2>\t\t\t\t<\/div>\n\t\t\t\t<\/div>\n\t\t\t\t<div class=\"elementor-element elementor-element-669b140 elementor-widget elementor-widget-text-editor\" data-id=\"669b140\" data-element_type=\"widget\" data-settings=\"{&quot;ekit_we_effect_on&quot;:&quot;none&quot;}\" data-widget_type=\"text-editor.default\">\n\t\t\t\t<div class=\"elementor-widget-container\">\n\t\t\t\t\t\t\t\t\t<div class=\"FundoBloco\"><div class=\"item_padrao\"><div class=\"FundoBloco\"><div class=\"item_padrao\"><p class=\"item_padrao_resumo texto_padrao\">T\u00f3picos variados de conversa\u00e7\u00e3o.<\/p><\/div><\/div><\/div><\/div>\t\t\t\t\t\t\t\t<\/div>\n\t\t\t\t<\/div>\n\t\t\t\t<\/div>\n\t\t<div class=\"elementor-element elementor-element-46b0604 e-con-full e-flex e-con e-parent\" data-id=\"46b0604\" data-element_type=\"container\" data-settings=\"{&quot;ekit_has_onepagescroll_dot&quot;:&quot;yes&quot;}\">\n\t\t\t\t<div class=\"elementor-element elementor-element-982269b elementor-widget elementor-widget-heading\" data-id=\"982269b\" data-element_type=\"widget\" data-settings=\"{&quot;ekit_we_effect_on&quot;:&quot;none&quot;}\" data-widget_type=\"heading.default\">\n\t\t\t\t<div class=\"elementor-widget-container\">\n\t\t\t\t\t<h2 class=\"elementor-heading-title elementor-size-medium\"><a href=\"http:\/\/www.eslconversationquestions.com\/english-conversation-questions\/topics\/\" target=\"_blank\">ESL Conversation Questions<\/a><\/h2>\t\t\t\t<\/div>\n\t\t\t\t<\/div>\n\t\t\t\t<div class=\"elementor-element elementor-element-9e33228 elementor-widget elementor-widget-text-editor\" data-id=\"9e33228\" data-element_type=\"widget\" data-settings=\"{&quot;ekit_we_effect_on&quot;:&quot;none&quot;}\" data-widget_type=\"text-editor.default\">\n\t\t\t\t<div class=\"elementor-widget-container\">\n\t\t\t\t\t\t\t\t\t<div class=\"FundoBloco\"><div class=\"item_padrao\"><div class=\"FundoBloco\"><div class=\"item_padrao\"><p class=\"item_padrao_resumo texto_padrao\">T\u00f3picos variados de conversa\u00e7\u00e3o.<\/p><\/div><\/div><\/div><\/div>\t\t\t\t\t\t\t\t<\/div>\n\t\t\t\t<\/div>\n\t\t\t\t<\/div>\n\t\t<div class=\"elementor-element elementor-element-930780c e-con-full e-flex e-con e-parent\" data-id=\"930780c\" data-element_type=\"container\" data-settings=\"{&quot;ekit_has_onepagescroll_dot&quot;:&quot;yes&quot;}\">\n\t\t\t\t<div class=\"elementor-element elementor-element-19f8db1 elementor-widget elementor-widget-heading\" data-id=\"19f8db1\" data-element_type=\"widget\" data-settings=\"{&quot;ekit_we_effect_on&quot;:&quot;none&quot;}\" data-widget_type=\"heading.default\">\n\t\t\t\t<div class=\"elementor-widget-container\">\n\t\t\t\t\t<h2 class=\"elementor-heading-title elementor-size-medium\"><a href=\"http:\/\/www.esldiscussions.com\/\" target=\"_blank\">ESL Discussions<\/a><\/h2>\t\t\t\t<\/div>\n\t\t\t\t<\/div>\n\t\t\t\t<div class=\"elementor-element elementor-element-90f24c3 elementor-widget elementor-widget-text-editor\" data-id=\"90f24c3\" data-element_type=\"widget\" data-settings=\"{&quot;ekit_we_effect_on&quot;:&quot;none&quot;}\" data-widget_type=\"text-editor.default\">\n\t\t\t\t<div class=\"elementor-widget-container\">\n\t\t\t\t\t\t\t\t\t<div class=\"FundoBloco\"><div class=\"item_padrao\"><div class=\"FundoBloco\"><div class=\"item_padrao\"><p class=\"item_padrao_resumo texto_padrao\">Atrav\u00e9s de uma consistente lista de assuntos organizados em ordem alfab\u00e9tica, \u00e9 poss\u00edvel encontrar pequenos di\u00e1logos a serem praticados em duplas.<\/p><\/div><\/div><\/div><\/div>\t\t\t\t\t\t\t\t<\/div>\n\t\t\t\t<\/div>\n\t\t\t\t<\/div>\n\t\t<div class=\"elementor-element elementor-element-7993f60 e-con-full e-flex e-con e-parent\" data-id=\"7993f60\" data-element_type=\"container\" data-settings=\"{&quot;ekit_has_onepagescroll_dot&quot;:&quot;yes&quot;}\">\n\t\t\t\t<div class=\"elementor-element elementor-element-d2a7128 elementor-widget elementor-widget-heading\" data-id=\"d2a7128\" data-element_type=\"widget\" data-settings=\"{&quot;ekit_we_effect_on&quot;:&quot;none&quot;}\" data-widget_type=\"heading.default\">\n\t\t\t\t<div class=\"elementor-widget-container\">\n\t\t\t\t\t<h2 class=\"elementor-heading-title elementor-size-medium\"><a href=\"http:\/\/www.eslgold.com\/speaking\/topics_conversation.html\" target=\"_blank\">ESL GOLD<\/a><\/h2>\t\t\t\t<\/div>\n\t\t\t\t<\/div>\n\t\t\t\t<div class=\"elementor-element elementor-element-4ee4f3c elementor-widget elementor-widget-text-editor\" data-id=\"4ee4f3c\" data-element_type=\"widget\" data-settings=\"{&quot;ekit_we_effect_on&quot;:&quot;none&quot;}\" data-widget_type=\"text-editor.default\">\n\t\t\t\t<div class=\"elementor-widget-container\">\n\t\t\t\t\t\t\t\t\t<div class=\"FundoBloco\"><div class=\"item_padrao\"><div class=\"FundoBloco\"><div class=\"item_padrao\"><p class=\"item_padrao_resumo texto_padrao\">O site est\u00e1 divididos em t\u00f3picos e habilidades do idioma para exercitar a pr\u00e1tica.<\/p><\/div><\/div><\/div><\/div>\t\t\t\t\t\t\t\t<\/div>\n\t\t\t\t<\/div>\n\t\t\t\t<\/div>\n\t\t<div class=\"elementor-element elementor-element-6e7761e e-con-full e-flex e-con e-parent\" data-id=\"6e7761e\" data-element_type=\"container\" data-settings=\"{&quot;ekit_has_onepagescroll_dot&quot;:&quot;yes&quot;}\">\n\t\t\t\t<div class=\"elementor-element elementor-element-50f713d elementor-widget elementor-widget-heading\" data-id=\"50f713d\" data-element_type=\"widget\" data-settings=\"{&quot;ekit_we_effect_on&quot;:&quot;none&quot;}\" data-widget_type=\"heading.default\">\n\t\t\t\t<div class=\"elementor-widget-container\">\n\t\t\t\t\t<h2 class=\"elementor-heading-title elementor-size-medium\"><a href=\"http:\/\/iteslj.org\/questions\/\" target=\"_blank\">Internet TESL Journal<\/a><\/h2>\t\t\t\t<\/div>\n\t\t\t\t<\/div>\n\t\t\t\t<div class=\"elementor-element elementor-element-8914256 elementor-widget elementor-widget-text-editor\" data-id=\"8914256\" data-element_type=\"widget\" data-settings=\"{&quot;ekit_we_effect_on&quot;:&quot;none&quot;}\" data-widget_type=\"text-editor.default\">\n\t\t\t\t<div class=\"elementor-widget-container\">\n\t\t\t\t\t\t\t\t\t<div class=\"FundoBloco\"><div class=\"item_padrao\"><div class=\"FundoBloco\"><div class=\"item_padrao\"><p class=\"item_padrao_resumo texto_padrao\">O site apresenta t\u00f3picos variados de conversa\u00e7\u00e3o organizados por temas. Al\u00e9m disso, h\u00e1 recursos variados para o estudante\/professor de l\u00edngua inglesa.<\/p><\/div><\/div><\/div><\/div>\t\t\t\t\t\t\t\t<\/div>\n\t\t\t\t<\/div>\n\t\t\t\t<\/div>\n\t\t<div class=\"elementor-element elementor-element-355073f e-con-full e-flex e-con e-parent\" data-id=\"355073f\" data-element_type=\"container\" data-settings=\"{&quot;ekit_has_onepagescroll_dot&quot;:&quot;yes&quot;}\">\n\t\t\t\t<div class=\"elementor-element elementor-element-44b7c26 elementor-widget elementor-widget-heading\" data-id=\"44b7c26\" data-element_type=\"widget\" data-settings=\"{&quot;ekit_we_effect_on&quot;:&quot;none&quot;}\" data-widget_type=\"heading.default\">\n\t\t\t\t<div class=\"elementor-widget-container\">\n\t\t\t\t\t<h2 class=\"elementor-heading-title elementor-size-medium\"><a href=\"http:\/\/www.teacherjoe.us\/englishconversation.html\" target=\"_blank\">Learn English Conversation<\/a><\/h2>\t\t\t\t<\/div>\n\t\t\t\t<\/div>\n\t\t\t\t<div class=\"elementor-element elementor-element-412cd66 elementor-widget elementor-widget-text-editor\" data-id=\"412cd66\" data-element_type=\"widget\" data-settings=\"{&quot;ekit_we_effect_on&quot;:&quot;none&quot;}\" data-widget_type=\"text-editor.default\">\n\t\t\t\t<div class=\"elementor-widget-container\">\n\t\t\t\t\t\t\t\t\t<div class=\"FundoBloco\"><div class=\"item_padrao\"><div class=\"FundoBloco\"><div class=\"item_padrao\"><p class=\"item_padrao_resumo texto_padrao\">O site est\u00e1 dividido por t\u00f3picos e tamb\u00e9m oferece dicas de estudo e artigos variados.<\/p><\/div><\/div><\/div><\/div>\t\t\t\t\t\t\t\t<\/div>\n\t\t\t\t<\/div>\n\t\t\t\t<\/div>\n\t\t<div class=\"elementor-element elementor-element-3387ae0 e-con-full e-flex e-con e-parent\" data-id=\"3387ae0\" data-element_type=\"container\" data-settings=\"{&quot;ekit_has_onepagescroll_dot&quot;:&quot;yes&quot;}\">\n\t\t\t\t<div class=\"elementor-element elementor-element-48cca81 elementor-widget elementor-widget-heading\" data-id=\"48cca81\" data-element_type=\"widget\" data-settings=\"{&quot;ekit_we_effect_on&quot;:&quot;none&quot;}\" data-widget_type=\"heading.default\">\n\t\t\t\t<div class=\"elementor-widget-container\">\n\t\t\t\t\t<h2 class=\"elementor-heading-title elementor-size-medium\"><a href=\"http:\/\/www.learn-english-today.com\/resources-for-teachers\/conversation-topics_advanced.html\" target=\"_blank\">Learn English Today<\/a><\/h2>\t\t\t\t<\/div>\n\t\t\t\t<\/div>\n\t\t\t\t<div class=\"elementor-element elementor-element-396f808 elementor-widget elementor-widget-text-editor\" data-id=\"396f808\" data-element_type=\"widget\" data-settings=\"{&quot;ekit_we_effect_on&quot;:&quot;none&quot;}\" data-widget_type=\"text-editor.default\">\n\t\t\t\t<div class=\"elementor-widget-container\">\n\t\t\t\t\t\t\t\t\t<div class=\"FundoBloco\"><div class=\"item_padrao\"><div class=\"FundoBloco\"><div class=\"item_padrao\"><p class=\"item_padrao_resumo texto_padrao\">Variados t\u00f3picos de conversa\u00e7\u00e3o al\u00e9m de lista de verbos frasais, ditados populares, atividades e muito mais.<\/p><\/div><\/div><\/div><\/div>\t\t\t\t\t\t\t\t<\/div>\n\t\t\t\t<\/div>\n\t\t\t\t<\/div>\n\t\t<div class=\"elementor-element elementor-element-feaeda8 e-con-full e-flex e-con e-parent\" data-id=\"feaeda8\" data-element_type=\"container\" data-settings=\"{&quot;ekit_has_onepagescroll_dot&quot;:&quot;yes&quot;}\">\n\t\t\t\t<div class=\"elementor-element elementor-element-41ac259 elementor-widget elementor-widget-heading\" data-id=\"41ac259\" data-element_type=\"widget\" data-settings=\"{&quot;ekit_we_effect_on&quot;:&quot;none&quot;}\" data-widget_type=\"heading.default\">\n\t\t\t\t<div class=\"elementor-widget-container\">\n\t\t\t\t\t<h2 class=\"elementor-heading-title elementor-size-medium\"><a href=\"https:\/\/printdiscuss.com\/\" target=\"_blank\">Print Discuss<\/a><\/h2>\t\t\t\t<\/div>\n\t\t\t\t<\/div>\n\t\t\t\t<div class=\"elementor-element elementor-element-9fd73c4 elementor-widget elementor-widget-text-editor\" data-id=\"9fd73c4\" data-element_type=\"widget\" data-settings=\"{&quot;ekit_we_effect_on&quot;:&quot;none&quot;}\" data-widget_type=\"text-editor.default\">\n\t\t\t\t<div class=\"elementor-widget-container\">\n\t\t\t\t\t\t\t\t\t<div class=\"FundoBloco\"><div class=\"item_padrao\"><div class=\"FundoBloco\"><div class=\"item_padrao\"><p class=\"item_padrao_resumo texto_padrao\">Site dividido por t\u00f3picos bem atuais com perguntas variadas para treinar a conversa\u00e7\u00e3o.<\/p><\/div><\/div><\/div><\/div>\t\t\t\t\t\t\t\t<\/div>\n\t\t\t\t<\/div>\n\t\t\t\t<\/div>\n\t\t<div class=\"elementor-element elementor-element-2c40974 e-con-full e-flex e-con e-parent\" data-id=\"2c40974\" data-element_type=\"container\" data-settings=\"{&quot;ekit_has_onepagescroll_dot&quot;:&quot;yes&quot;}\">\n\t\t\t\t<div class=\"elementor-element elementor-element-5028bad elementor-widget elementor-widget-heading\" data-id=\"5028bad\" data-element_type=\"widget\" data-settings=\"{&quot;ekit_we_effect_on&quot;:&quot;none&quot;}\" data-widget_type=\"heading.default\">\n\t\t\t\t<div class=\"elementor-widget-container\">\n\t\t\t\t\t<h2 class=\"elementor-heading-title elementor-size-medium\"><a href=\"http:\/\/www.tedpower.co.uk\/\" target=\"_blank\">Ted Power<\/a><\/h2>\t\t\t\t<\/div>\n\t\t\t\t<\/div>\n\t\t\t\t<div class=\"elementor-element elementor-element-5d4db44 elementor-widget elementor-widget-text-editor\" data-id=\"5d4db44\" data-element_type=\"widget\" data-settings=\"{&quot;ekit_we_effect_on&quot;:&quot;none&quot;}\" data-widget_type=\"text-editor.default\">\n\t\t\t\t<div class=\"elementor-widget-container\">\n\t\t\t\t\t\t\t\t\t<div class=\"FundoBloco\"><div class=\"item_padrao\"><div class=\"FundoBloco\"><div class=\"item_padrao\"><p class=\"item_padrao_resumo texto_padrao\">T\u00f3picos variados de conversa\u00e7\u00e3o.<\/p><\/div><\/div><\/div><\/div>\t\t\t\t\t\t\t\t<\/div>\n\t\t\t\t<\/div>\n\t\t\t\t<\/div>\n\t\t<div class=\"elementor-element elementor-element-9a22670 e-con-full e-flex e-con e-parent\" data-id=\"9a22670\" data-element_type=\"container\" data-settings=\"{&quot;ekit_has_onepagescroll_dot&quot;:&quot;yes&quot;}\">\n\t\t\t\t<div class=\"elementor-element elementor-element-363fdb0 elementor-widget elementor-widget-shortcode\" data-id=\"363fdb0\" data-element_type=\"widget\" data-settings=\"{&quot;ekit_we_effect_on&quot;:&quot;none&quot;}\" data-widget_type=\"shortcode.default\">\n\t\t\t\t<div class=\"elementor-widget-container\">\n\t\t\t\t\t\t\t<div class=\"elementor-shortcode\">\t\t<div data-elementor-type=\"container\" data-elementor-id=\"2711\" class=\"elementor elementor-2711\" data-elementor-post-type=\"elementor_library\">\n\t\t\t\t<div data-htmega-element-link=\"{&quot;url&quot;:&quot;https:\\\/\\\/englishinaction.com.br\\\/&quot;,&quot;is_external&quot;:&quot;on&quot;,&quot;nofollow&quot;:&quot;&quot;,&quot;custom_attributes&quot;:&quot;&quot;}\" style=\"cursor: pointer\" class=\"htmega-element-link elementor-element elementor-element-39a5097c e-con-full e-flex e-con e-parent\" data-id=\"39a5097c\" data-element_type=\"container\" data-settings=\"{&quot;ekit_has_onepagescroll_dot&quot;:&quot;yes&quot;}\">\n\t\t<div class=\"elementor-element elementor-element-1b2ac12f e-con-full e-flex e-con e-child\" data-id=\"1b2ac12f\" data-element_type=\"container\" data-settings=\"{&quot;background_background&quot;:&quot;classic&quot;,&quot;ekit_has_onepagescroll_dot&quot;:&quot;yes&quot;}\">\n\t\t\t\t<div data-htmega-element-link=\"{&quot;url&quot;:&quot;https:\\\/\\\/englishinaction.com.br\\\/&quot;,&quot;is_external&quot;:&quot;on&quot;,&quot;nofollow&quot;:&quot;&quot;,&quot;custom_attributes&quot;:&quot;&quot;}\" style=\"cursor: pointer\" class=\"htmega-element-link elementor-element elementor-element-72fb4f84 elementor-widget__width-inherit elementor-widget elementor-widget-image\" data-id=\"72fb4f84\" data-element_type=\"widget\" data-settings=\"{&quot;ekit_we_effect_on&quot;:&quot;none&quot;}\" data-widget_type=\"image.default\">\n\t\t\t\t<div class=\"elementor-widget-container\">\n\t\t\t\t\t\t\t\t\t\t\t\t\t\t\t\t<a href=\"https:\/\/englishinaction.com.br\/\" target=\"_blank\">\n\t\t\t\t\t\t\t<img decoding=\"async\" width=\"728\" height=\"90\" src=\"https:\/\/centraldoingles.com\/portal\/wp-content\/uploads\/2023\/09\/Copia-de-Gg.gif\" class=\"attachment-full size-full wp-image-3050\" alt=\"\" \/>\t\t\t\t\t\t\t\t<\/a>\n\t\t\t\t\t\t\t\t\t\t\t\t\t\t\t<\/div>\n\t\t\t\t<\/div>\n\t\t\t\t<\/div>\n\t\t\t\t<\/div>\n\t\t\t\t<\/div>\n\t\t<\/div>\n\t\t\t\t\t\t<\/div>\n\t\t\t\t<\/div>\n\t\t\t\t<\/div>\n\t\t\t\t<\/div>\n\t\t\t\t<\/div>\n\t\t","protected":false},"excerpt":{"rendered":"<p>Conversation Starters World Variedade de t\u00f3picos de conversa\u00e7\u00e3o para motivar seus alunos. Oferece assuntos variados, ice breakers, jogos envolvendo conversa\u00e7\u00e3o e muito mais. Daily esl T\u00f3picos variados de conversa\u00e7\u00e3o. ESL Conversation Questions T\u00f3picos variados de conversa\u00e7\u00e3o. ESL Discussions Atrav\u00e9s de uma consistente lista de assuntos organizados em ordem alfab\u00e9tica, \u00e9 poss\u00edvel encontrar pequenos di\u00e1logos a [&hellip;]<\/p>\n","protected":false},"author":4,"featured_media":0,"parent":0,"menu_order":0,"comment_status":"closed","ping_status":"closed","template":"elementor_header_footer","meta":{"footnotes":""},"class_list":["post-1290","page","type-page","status-publish","hentry"],"_links":{"self":[{"href":"https:\/\/centraldoingles.com\/portal\/wp-json\/wp\/v2\/pages\/1290","targetHints":{"allow":["GET"]}}],"collection":[{"href":"https:\/\/centraldoingles.com\/portal\/wp-json\/wp\/v2\/pages"}],"about":[{"href":"https:\/\/centraldoingles.com\/portal\/wp-json\/wp\/v2\/types\/page"}],"author":[{"embeddable":true,"href":"https:\/\/centraldoingles.com\/portal\/wp-json\/wp\/v2\/users\/4"}],"replies":[{"embeddable":true,"href":"https:\/\/centraldoingles.com\/portal\/wp-json\/wp\/v2\/comments?post=1290"}],"version-history":[{"count":0,"href":"https:\/\/centraldoingles.com\/portal\/wp-json\/wp\/v2\/pages\/1290\/revisions"}],"wp:attachment":[{"href":"https:\/\/centraldoingles.com\/portal\/wp-json\/wp\/v2\/media?parent=1290"}],"curies":[{"name":"wp","href":"https:\/\/api.w.org\/{rel}","templated":true}]}}