{"id":1286,"date":"2023-07-07T17:21:37","date_gmt":"2023-07-07T20:21:37","guid":{"rendered":"https:\/\/centraldoingles.com\/portal2\/?page_id=1286"},"modified":"2023-07-13T14:13:28","modified_gmt":"2023-07-13T17:13:28","slug":"relacao-de-faculdades-centros-universitarios-e-universidades","status":"publish","type":"page","link":"https:\/\/centraldoingles.com\/portal\/relacao-de-faculdades-centros-universitarios-e-universidades\/","title":{"rendered":"Rela\u00e7\u00e3o De Faculdades, Centros Universit\u00e1rios E Universidades"},"content":{"rendered":"\t\t<div data-elementor-type=\"wp-page\" data-elementor-id=\"1286\" class=\"elementor elementor-1286\" data-elementor-post-type=\"page\">\n\t\t\t\t<div class=\"elementor-element elementor-element-ad6a735 e-con-full e-flex e-con e-parent\" data-id=\"ad6a735\" data-element_type=\"container\" data-settings=\"{&quot;ekit_has_onepagescroll_dot&quot;:&quot;yes&quot;}\">\n\t\t\t\t<\/div>\n\t\t\t\t<\/div>\n\t\t","protected":false},"excerpt":{"rendered":"","protected":false},"author":4,"featured_media":0,"parent":0,"menu_order":0,"comment_status":"closed","ping_status":"closed","template":"elementor_header_footer","meta":{"footnotes":""},"class_list":["post-1286","page","type-page","status-publish","hentry"],"_links":{"self":[{"href":"https:\/\/centraldoingles.com\/portal\/wp-json\/wp\/v2\/pages\/1286","targetHints":{"allow":["GET"]}}],"collection":[{"href":"https:\/\/centraldoingles.com\/portal\/wp-json\/wp\/v2\/pages"}],"about":[{"href":"https:\/\/centraldoingles.com\/portal\/wp-json\/wp\/v2\/types\/page"}],"author":[{"embeddable":true,"href":"https:\/\/centraldoingles.com\/portal\/wp-json\/wp\/v2\/users\/4"}],"replies":[{"embeddable":true,"href":"https:\/\/centraldoingles.com\/portal\/wp-json\/wp\/v2\/comments?post=1286"}],"version-history":[{"count":0,"href":"https:\/\/centraldoingles.com\/portal\/wp-json\/wp\/v2\/pages\/1286\/revisions"}],"wp:attachment":[{"href":"https:\/\/centraldoingles.com\/portal\/wp-json\/wp\/v2\/media?parent=1286"}],"curies":[{"name":"wp","href":"https:\/\/api.w.org\/{rel}","templated":true}]}}